{"id":141,"date":"2024-04-13T18:53:34","date_gmt":"2024-04-13T16:53:34","guid":{"rendered":"https:\/\/equilibreencorps.com\/?page_id=141"},"modified":"2025-05-19T12:39:34","modified_gmt":"2025-05-19T10:39:34","slug":"3-2-les-declinaisons-de-lortho-bionomy-deroulement-de-seance-carte-cadeau","status":"publish","type":"page","link":"https:\/\/equilibreencorps.com\/index.php\/3-2-les-declinaisons-de-lortho-bionomy-deroulement-de-seance-carte-cadeau\/","title":{"rendered":"Les d\u00e9clinaisons de l&rsquo;Ortho-Bionomy\u00ae : d\u00e9roulement de s\u00e9ance \/ carte cadeau"},"content":{"rendered":"<p>&nbsp;<\/p>\n<p><img loading=\"lazy\" decoding=\"async\" class=\"wp-image-208 aligncenter\" src=\"https:\/\/equilibreencorps.com\/wp-content\/uploads\/2024\/04\/sand-dollar1-300x300.jpeg\" alt=\"\" width=\"353\" height=\"353\" srcset=\"https:\/\/equilibreencorps.com\/wp-content\/uploads\/2024\/04\/sand-dollar1-300x300.jpeg 300w, https:\/\/equilibreencorps.com\/wp-content\/uploads\/2024\/04\/sand-dollar1-150x150.jpeg 150w, https:\/\/equilibreencorps.com\/wp-content\/uploads\/2024\/04\/sand-dollar1.jpeg 640w\" sizes=\"auto, (max-width: 353px) 100vw, 353px\" \/><\/p>\n<p>&nbsp;<\/p>\n<p>&nbsp;<\/p>\n<h2 style=\"text-align: center;\"><strong><em><u>D\u00e9roulement d\u2019une s\u00e9ance<\/u><\/em><\/strong><\/h2>\n<p>&nbsp;<\/p>\n<ul>\n<li style=\"text-align: center;\">Pr\u00e9voyez 1 heure \u00e0 1h30\u00a0 en moyenne pour ce rdv, ainsi qu&rsquo;une bouteille d&rsquo;eau pour la fin de s\u00e9ance.<\/li>\n<\/ul>\n<p style=\"text-align: center;\">Venez dans une tenue confortable dans laquelle vous serez \u00e0 l&rsquo;aise pour vous mobiliser sur la table.<\/p>\n<p style=\"text-align: center;\">Apr\u00e8s une br\u00e8ve pr\u00e9sentation personnelle, nous allons \u00e9changer autour de <strong>vos attentes et vos besoins<\/strong> pour se donner l&rsquo;intension de notre s\u00e9ance ;<\/p>\n<p style=\"text-align: center;\">nous abordons aussi des solutions et astuces au quotidien pour vous permettre de devenir petit \u00e0 petit acteur et responsable de votre sant\u00e9.<\/p>\n<p style=\"text-align: center;\">Pendant la s\u00e9ance, vous restez <strong>tout habill\u00e9<\/strong> (vous enlevez uniquement vos chaussures et vos lunettes),<img loading=\"lazy\" decoding=\"async\" class=\"aligncenter\" src=\"https:\/\/equilibreencorps.com\/wp-content\/uploads\/2024\/04\/photos-3-scaled.jpg\" width=\"338\" height=\"254\" \/><\/p>\n<p style=\"text-align: center;\">le plus souvent allong\u00e9 sur la table \u00ab\u00a0de massage\u00a0\u00bb dans la\u00a0<strong>position la plus confortable<\/strong>\u00a0pour vous.<\/p>\n<p style=\"text-align: center;\">(peut \u00eatre r\u00e9alis\u00e9 assis en fonction de votre convenance, votre handicap, vos douleurs&#8230;)<\/p>\n<p style=\"text-align: center;\">Ce moment de s\u00e9ance vous invite \u00e0 <strong>prendre conscience de votre corps<\/strong> et de vos <strong>ressentis<\/strong> corporels.<\/p>\n<p style=\"text-align: center;\">C\u2019est un moment privil\u00e9gi\u00e9 de <strong>douceur<\/strong> et de <strong>calme<\/strong> avec votre corps, une bonne opportunit\u00e9 de<strong> prendre un temps pour vous<\/strong> !<\/p>\n<p style=\"text-align: center;\">La s\u00e9ance se termine par l&rsquo;observation de vos ressentis ou\/et impressions.<\/p>\n<p>&nbsp;<\/p>\n<h2 style=\"text-align: center;\"><em><strong>Carte cadeau<\/strong><\/em><\/h2>\n<p>&nbsp;<\/p>\n<h3 style=\"text-align: center;\">Pensez \u00e0 offrir du bon!<\/h3>\n<p style=\"text-align: center;\">Une id\u00e9e de cadeau d\u00e9tente et mieux-\u00eatre \u00e0 vos proches : <strong>offrez une carte cadeau en Ortho-Bionomy!<\/strong><\/p>\n<p>&nbsp;<\/p>\n<div>\n<div>\n<div>\n<p>Les pratiques douces utilis\u00e9es sont des pratiques non conventionnelles qui visent \u00e0 contribuer au mieux-\u00eatre ou au bien-\u00eatre de la personne. Elles ne se substituent en aucun cas \u00e0 un suivi m\u00e9dical.<\/p>\n<\/div>\n<\/div>\n<\/div>\n","protected":false},"excerpt":{"rendered":"<p>&nbsp; &nbsp; &nbsp; D\u00e9roulement d\u2019une s\u00e9ance &nbsp; Pr\u00e9voyez 1 heure \u00e0 1h30\u00a0 en moyenne pour ce rdv, ainsi qu&rsquo;une bouteille d&rsquo;eau pour la fin de s\u00e9ance. Venez dans une tenue confortable dans laquelle vous serez \u00e0 l&rsquo;aise pour vous mobiliser sur la table. Apr\u00e8s une br\u00e8ve pr\u00e9sentation personnelle, nous allons \u00e9changer autour de vos attentes &hellip;<\/p>\n","protected":false},"author":2,"featured_media":0,"parent":0,"menu_order":0,"comment_status":"closed","ping_status":"closed","template":"","meta":{"footnotes":""},"class_list":["post-141","page","type-page","status-publish","hentry"],"_links":{"self":[{"href":"https:\/\/equilibreencorps.com\/index.php\/wp-json\/wp\/v2\/pages\/141","targetHints":{"allow":["GET"]}}],"collection":[{"href":"https:\/\/equilibreencorps.com\/index.php\/wp-json\/wp\/v2\/pages"}],"about":[{"href":"https:\/\/equilibreencorps.com\/index.php\/wp-json\/wp\/v2\/types\/page"}],"author":[{"embeddable":true,"href":"https:\/\/equilibreencorps.com\/index.php\/wp-json\/wp\/v2\/users\/2"}],"replies":[{"embeddable":true,"href":"https:\/\/equilibreencorps.com\/index.php\/wp-json\/wp\/v2\/comments?post=141"}],"version-history":[{"count":19,"href":"https:\/\/equilibreencorps.com\/index.php\/wp-json\/wp\/v2\/pages\/141\/revisions"}],"predecessor-version":[{"id":552,"href":"https:\/\/equilibreencorps.com\/index.php\/wp-json\/wp\/v2\/pages\/141\/revisions\/552"}],"wp:attachment":[{"href":"https:\/\/equilibreencorps.com\/index.php\/wp-json\/wp\/v2\/media?parent=141"}],"curies":[{"name":"wp","href":"https:\/\/api.w.org\/{rel}","templated":true}]}}