{"id":332,"date":"2024-04-14T19:03:46","date_gmt":"2024-04-14T17:03:46","guid":{"rendered":"https:\/\/equilibreencorps.com\/?page_id=332"},"modified":"2025-05-19T12:49:14","modified_gmt":"2025-05-19T10:49:14","slug":"infos-ortho-bionomy","status":"publish","type":"page","link":"https:\/\/equilibreencorps.com\/index.php\/infos-ortho-bionomy\/","title":{"rendered":"Les approches de l&rsquo;Ortho-Bionomy\u00ae, des diapasons et du pendule"},"content":{"rendered":"<h1 style=\"text-align: center;\"><strong style=\"text-align: center;\">Les approches de l&rsquo;Ortho-Bionomy\u00ae, diapason, et pendule<\/strong><\/h1>\n<h3 style=\"text-align: center;\"><em><strong>Une s\u00e9ance individuelle conduit \u00e0 l\u2019autor\u00e9gulation du corps et \u00e0 un mieux-\u00eatre.<\/strong><\/em><\/h3>\n<p>&nbsp;<\/p>\n<h2><em>Lors d\u2019une s\u00e9ance individuelle sur table :\u00a0<\/em><\/h2>\n<ul>\n<li style=\"text-align: left;\">\n<h3><span style=\"font-size: 16px;\"><span style=\"font-size: 16px;\">L\u2019Ortho-Bionomy\u00ae :<\/span><\/span><\/h3>\n<h1><img loading=\"lazy\" decoding=\"async\" class=\"wp-image-9 alignleft\" src=\"https:\/\/equilibreencorps.com\/wp-content\/uploads\/2023\/04\/AFFICHE-entete-300x66.png\" alt=\"\" width=\"500\" height=\"110\" srcset=\"https:\/\/equilibreencorps.com\/wp-content\/uploads\/2023\/04\/AFFICHE-entete-300x66.png 300w, https:\/\/equilibreencorps.com\/wp-content\/uploads\/2023\/04\/AFFICHE-entete-768x168.png 768w, https:\/\/equilibreencorps.com\/wp-content\/uploads\/2023\/04\/AFFICHE-entete.png 784w\" sizes=\"auto, (max-width: 500px) 100vw, 500px\" \/><\/h1>\n<\/li>\n<\/ul>\n<p style=\"text-align: left;\"><span style=\"font-size: 16px;\">C&rsquo;est une <\/span><strong style=\"font-size: 16px;\">approche douce<\/strong><span style=\"font-size: 16px;\">\u00a0qui vise \u00e0 aider le corps \u00e0\u00a0<\/span><strong style=\"font-size: 16px;\">retrouver son \u00e9quilibre naturel<\/strong><span style=\"font-size: 16px;\">\u00a0en favorisant un \u00e9tat de relaxation et d\u2019\u00e9coute int\u00e9rieure. Elle repose sur des mouvements subtils et des positions sp\u00e9cifiques qui invitent la personne \u00e0\u00a0<\/span><strong style=\"font-size: 16px;\">se connecter \u00e0 ses sensations<\/strong><span style=\"font-size: 16px;\">.<\/span><\/p>\n<p style=\"text-align: left;\">L\u2019Ortho-Bionomy\u00ae a la facult\u00e9 de\u00a0<strong>stimuler l\u2019autor\u00e9gulation par l\u2019observation, l\u2019\u00e9coute et l\u2019accompagnement<\/strong>\u00a0dans la recherche du retour \u00e0 l\u2019\u00e9quilibre.<\/p>\n<p>&nbsp;<\/p>\n<p style=\"text-align: center;\">En abordant et \u00e9coutant le corps dans ses dimensions physiques, \u00e9motionnelles et \u00e9nerg\u00e9tiques,<\/p>\n<p style=\"text-align: center;\">l\u2019Ortho-Bionomy\u00ae\u00a0<strong>contribue au d\u00e9veloppement harmonieux de la personne dans une action pr\u00e9ventive et r\u00e9gulatrice<\/strong>.<\/p>\n<p style=\"text-align: center;\">Au c\u0153ur de cette pratique, il existe une collaboration respectueuse entre le praticien et la personne, o\u00f9 l\u2019accent est mis sur l\u2019<strong>\u00e9coute<\/strong>\u00a0et l\u2019<strong>ajustement<\/strong>\u00a0selon les ressentis du moment.<\/p>\n<p style=\"text-align: center;\">Cela se fait sans forcer, en suivant les\u00a0<strong>rythmes naturels du corps<\/strong>\u00a0et en cr\u00e9ant un espace o\u00f9 il peut se rel\u00e2cher de lui-m\u00eame.<\/p>\n<p style=\"text-align: center;\">L\u2019Ortho-Bionomy\u00ae encourage une\u00a0<strong>prise de conscience douce et progressive<\/strong>, pouvant permettre de d\u00e9couvrir de nouvelles possibilit\u00e9s de mouvement ou de positionnement, et favorise un\u00a0<strong>mieux-\u00eatre global<\/strong>\u00a0en respectant le cheminement unique de chacun.<\/p>\n<p style=\"text-align: center;\">Une bonne opportunit\u00e9 de<strong>\u00a0prendre un temps pour vous<\/strong> !<\/p>\n<p style=\"text-align: center;\"><img loading=\"lazy\" decoding=\"async\" class=\"aligncenter\" src=\"https:\/\/equilibreencorps.com\/wp-content\/uploads\/2024\/04\/DSC5830-scaled.jpg\" width=\"360\" height=\"239\" \/><\/p>\n<p>Lors de notre \u00e9change, je vous proposerai seulement si vous le souhaitez (en amont et avec votre accord bien entendu), d&rsquo;utiliser des techniques compl\u00e9mentaire telles que les diapasons et \/ ou le pendule.<\/p>\n<ul>\n<li>\n<h3>Les diapasons :<\/h3>\n<\/li>\n<\/ul>\n<h1><img loading=\"lazy\" decoding=\"async\" class=\"alignleft\" src=\"https:\/\/equilibreencorps.com\/wp-content\/uploads\/2025\/05\/diapason-pour-site-1-pdf.jpg\" width=\"161\" height=\"91\" \/><\/h1>\n<h4><img loading=\"lazy\" decoding=\"async\" class=\"\" src=\"https:\/\/equilibreencorps.com\/wp-content\/uploads\/2025\/05\/photo-diapason.jpg\" width=\"107\" height=\"142\" \/>\u00a0 \u00a0Les diapasons<\/h4>\n<ul>\n<li>\n<h3>Le pendule :<\/h3>\n<\/li>\n<\/ul>\n<h4><img loading=\"lazy\" decoding=\"async\" class=\"\" src=\"https:\/\/equilibreencorps.com\/wp-content\/uploads\/2025\/05\/pendule-pour-site-pdf.jpg\" width=\"141\" height=\"79\" \/><img loading=\"lazy\" decoding=\"async\" class=\"\" style=\"font-size: 16px;\" src=\"https:\/\/equilibreencorps.com\/wp-content\/uploads\/2025\/05\/pendule-1.webp\" width=\"137\" height=\"91\" \/>\u00a0 Le pendule<\/h4>\n<p>&nbsp;<\/p>\n<ul>\n<li>\n<h2><em><u>D\u00e9roulement des ateliers de pratiques corporelles en Ortho-Bionomy<\/u><\/em><strong style=\"text-align: center;\">\u00ae<\/strong><\/h2>\n<\/li>\n<\/ul>\n<p>&nbsp;<\/p>\n<p>Ils ont pour but d&rsquo;inviter \u00e0 d\u00e9couvrir les capacit\u00e9s d\u2019auto-correction du corps et \u00e0 devenir <strong>\u00ab Acteur et responsable de sa sant\u00e9 en toute simplicit\u00e9 \u00bb<\/strong><\/p>\n<p>L\u2019objectif est de repartir avec des cl\u00e9s pour r\u00e9duire les tensions quotidiennes et retrouver une mobilit\u00e9 plus souple\u2026 en s\u2019appuyant sur la facult\u00e9 naturelle du corps \u00e0 revenir son \u00e9tat d\u2019\u00e9quilibre :<\/p>\n<p>&#8211; Avec des gestes simples et efficaces,<\/p>\n<p>&#8211; Avec des exercices \u00e9ducatifs,<\/p>\n<p>&#8211; Accessibles \u00e0 tous.<\/p>\n<p>Ils se d\u00e9roulent sous forme d\u2019une s\u00e9rie d&rsquo;ateliers d&rsquo;environ 2h (que l&rsquo;on peut faire \u00e0 son rythme et ind\u00e9pendamment) qui vise \u00e0 vous emmener progressivement \u00e0 une autonomisation de votre bien-\u00eatre dans votre quotidien.<\/p>\n<p><img loading=\"lazy\" decoding=\"async\" class=\"size-medium wp-image-175 aligncenter\" src=\"https:\/\/equilibreencorps.com\/wp-content\/uploads\/2024\/04\/20230114_121214-225x300.jpg\" alt=\"\" width=\"225\" height=\"300\" srcset=\"https:\/\/equilibreencorps.com\/wp-content\/uploads\/2024\/04\/20230114_121214-225x300.jpg 225w, https:\/\/equilibreencorps.com\/wp-content\/uploads\/2024\/04\/20230114_121214-768x1024.jpg 768w, https:\/\/equilibreencorps.com\/wp-content\/uploads\/2024\/04\/20230114_121214-1152x1536.jpg 1152w, https:\/\/equilibreencorps.com\/wp-content\/uploads\/2024\/04\/20230114_121214-1536x2048.jpg 1536w, https:\/\/equilibreencorps.com\/wp-content\/uploads\/2024\/04\/20230114_121214-scaled.jpg 1920w\" sizes=\"auto, (max-width: 225px) 100vw, 225px\" \/><\/p>\n<p>&nbsp;<\/p>\n<ul>\n<li style=\"text-align: left;\">\n<h2><strong>Renseignements, tarifs et inscriptions pour une s\u00e9ance individuelle et ateliers en <\/strong><strong>Ortho-Bionomy\u00ae<\/strong><strong>:<\/strong><\/h2>\n<\/li>\n<\/ul>\n<p>Lieu : centre Holis&rsquo;team au 11 rue Saint Louis \u00e0 Verdun.<\/p>\n<p>Date : \u00e0 d\u00e9terminer<\/p>\n<p>Horaires : \u00e0 d\u00e9terminer<\/p>\n<p>&nbsp;<\/p>\n<ul>\n<li style=\"text-align: center;\">\n<h2 style=\"text-align: left;\"><strong>Tarifs\u00a0 :<\/strong><\/h2>\n<\/li>\n<\/ul>\n<p>&nbsp;<\/p>\n<ul>\n<li style=\"list-style-type: none;\">\n<ul>\n<li><strong>S\u00e9ance individuelle adulte<\/strong> entre 1h et 1h30 : 60 euros \/ heure. soit entre 60 et 90 euros (pour 1h30)<\/li>\n<li><strong>S\u00e9ance enfant<\/strong> (jusqu&rsquo;\u00e0 12 ans) 30 minutes : 30 euros.<\/li>\n<li><strong>S\u00e9ance d\u00e9couverte<\/strong> de 30 minutes : 30 euros<\/li>\n<li><strong><em>Ateliers<\/em><\/strong> : 20 euros l&rsquo;atelier de 2h (Groupe limit\u00e9 \u00e0 8 personnes)<\/li>\n<\/ul>\n<\/li>\n<\/ul>\n<p>&nbsp;<\/p>\n<p><strong>Vous souhaitez un rdv\u00a0en <\/strong><strong>Ortho-Bionomy\u00ae, vivre des ateliers<\/strong>\u00a0<strong>ou des informations compl\u00e9mentaires?<\/strong> <strong>\u00a0<\/strong><\/p>\n<p><a href=\"mailto:Alinecontaux.orthobionomy@gmail.com\">contact@equilibreencorps.com<\/a><\/p>\n<p>T\u00e9l. 06 08 938 721<\/p>\n<p><a href=\"https:\/\/www.ortho-bionomy.fr\/\">https:\/\/www.ortho-bionomy.fr\/<\/a><\/p>\n<div>\n<div>\n<div>\n<p>Les pratiques douces utilis\u00e9es sont des pratiques non conventionnelles qui visent \u00e0 contribuer au mieux-\u00eatre ou au bien-\u00eatre de la personne. Elles ne se substituent en aucun cas \u00e0 un suivi m\u00e9dical.<\/p>\n<\/div>\n<\/div>\n<\/div>\n","protected":false},"excerpt":{"rendered":"<p>Les approches de l&rsquo;Ortho-Bionomy\u00ae, diapason, et pendule Une s\u00e9ance individuelle conduit \u00e0 l\u2019autor\u00e9gulation du corps et \u00e0 un mieux-\u00eatre. &nbsp; Lors d\u2019une s\u00e9ance individuelle sur table :\u00a0 L\u2019Ortho-Bionomy\u00ae : C&rsquo;est une approche douce\u00a0qui vise \u00e0 aider le corps \u00e0\u00a0retrouver son \u00e9quilibre naturel\u00a0en favorisant un \u00e9tat de relaxation et d\u2019\u00e9coute int\u00e9rieure. Elle repose sur des mouvements &hellip;<\/p>\n","protected":false},"author":1,"featured_media":0,"parent":0,"menu_order":0,"comment_status":"closed","ping_status":"closed","template":"","meta":{"footnotes":""},"class_list":["post-332","page","type-page","status-publish","hentry"],"_links":{"self":[{"href":"https:\/\/equilibreencorps.com\/index.php\/wp-json\/wp\/v2\/pages\/332","targetHints":{"allow":["GET"]}}],"collection":[{"href":"https:\/\/equilibreencorps.com\/index.php\/wp-json\/wp\/v2\/pages"}],"about":[{"href":"https:\/\/equilibreencorps.com\/index.php\/wp-json\/wp\/v2\/types\/page"}],"author":[{"embeddable":true,"href":"https:\/\/equilibreencorps.com\/index.php\/wp-json\/wp\/v2\/users\/1"}],"replies":[{"embeddable":true,"href":"https:\/\/equilibreencorps.com\/index.php\/wp-json\/wp\/v2\/comments?post=332"}],"version-history":[{"count":22,"href":"https:\/\/equilibreencorps.com\/index.php\/wp-json\/wp\/v2\/pages\/332\/revisions"}],"predecessor-version":[{"id":556,"href":"https:\/\/equilibreencorps.com\/index.php\/wp-json\/wp\/v2\/pages\/332\/revisions\/556"}],"wp:attachment":[{"href":"https:\/\/equilibreencorps.com\/index.php\/wp-json\/wp\/v2\/media?parent=332"}],"curies":[{"name":"wp","href":"https:\/\/api.w.org\/{rel}","templated":true}]}}