{"id":579,"date":"2025-05-26T14:16:51","date_gmt":"2025-05-26T12:16:51","guid":{"rendered":"https:\/\/equilibreencorps.com\/?page_id=579"},"modified":"2025-10-04T15:36:59","modified_gmt":"2025-10-04T13:36:59","slug":"mentions-legales","status":"publish","type":"page","link":"https:\/\/equilibreencorps.com\/index.php\/mentions-legales\/","title":{"rendered":"Mentions l\u00e9gales"},"content":{"rendered":"<div id=\"bgLayers_comp-lvfbpoay\" class=\"MW5IWV\" data-hook=\"bgLayers\" data-motion-part=\"BG_LAYER comp-lvfbpoay\">\n<div id=\"bgMedia_comp-lvfbpoay\" class=\"VgO9Yg\" data-motion-part=\"BG_MEDIA comp-lvfbpoay\">\n<p style=\"text-align: left;\"><strong>MENTIONS L\u00c9GALES<\/strong><\/p>\n<p>&nbsp;<\/p>\n<p><strong>\u00c9DITEUR<\/strong><\/p>\n<p>Le site EQUILIBREENCORPS.COM est \u00e9dit\u00e9 par\u00a0:<\/p>\n<p>Aline CONTAUX Entrepreneure Individuelle<\/p>\n<p>SIREN 949656706<\/p>\n<p>Si\u00e8ge social\u00a0: 11 rue Saint Louis &#8211; 55100 Verdun<\/p>\n<p>Directeur de la publication\u00a0: Aline CONTAUX<\/p>\n<p>T\u00e9l\u00e9phone\u00a0: 0608938721<\/p>\n<p>Courriel\u00a0: contact@equilibreencorps.com<\/p>\n<p>&nbsp;<\/p>\n<p><strong>H\u00c9BERGEUR<\/strong><\/p>\n<p>L&rsquo;h\u00e9bergement du site est assur\u00e9 par\u00a0:<\/p>\n<p>OVHcloud SAS<\/p>\n<p>Si\u00e8ge social\u00a0: 2 rue Kellermann \u2013 59100 Roubaix \u2013 France<\/p>\n<p>T\u00e9l\u00e9phone\u00a0: France\u00a0: 1007 \/ International\u00a0: +33\u202f9\u202f72\u202f10\u202f10\u202f07<\/p>\n<p>&nbsp;<\/p>\n<p><strong>PARTENAIRE INSTITUTIONNEL<\/strong><\/p>\n<p><strong>Agence R\u00e9gionale de Sant\u00e9 Grand Est<\/strong><\/p>\n<p>PRESCRI\u2019MOUV -\u00c9tablissement public national administratif \u00e0 comp\u00e9tence territoriale limit\u00e9e &#8211; SIREN <strong>130 007 834 &#8211; <\/strong>Num\u00e9ro de TVA intracommunautaire : <strong>FR94130007834<\/strong><\/p>\n<p>3 boulevard Joffre 6 54000 Nancy<\/p>\n<p>France T\u00e9l. +33 \/ (0)3 83 39 30 30 \u2013 https:\/\/www.grand-est.ars.sante.fr\/<\/p>\n<p>&nbsp;<\/p>\n<p><strong>PROPRI\u00c9T\u00c9 INTELLECTUELLE<\/strong><\/p>\n<p>L&rsquo;\u00e9diteur est seul titulaire des droits de propri\u00e9t\u00e9 intellectuelle ou droits d&rsquo;exploitation sur l&rsquo;ensemble du site, sa structure et son contenu, y compris notamment les textes, images, photographies, illustrations, logos, vid\u00e9os, bases de donn\u00e9es et logiciels.<\/p>\n<p>Toute repr\u00e9sentation, reproduction, adaptation, modification ou exploitation non autoris\u00e9e est interdite et susceptible de constituer une contrefa\u00e7on au sens des articles L. 335-2 et suivants du Code de la propri\u00e9t\u00e9 intellectuelle.<\/p>\n<p>&nbsp;<\/p>\n<p><strong>LIENS HYPERTEXTE<\/strong><\/p>\n<p>Des liens hypertextes vers des sites externes peuvent \u00eatre pr\u00e9sents sur le site. L&rsquo;\u00e9diteur d\u00e9cline toute responsabilit\u00e9 pour le contenu des sites externes ou les probl\u00e8mes techniques li\u00e9s \u00e0 leur utilisation.<\/p>\n<p>&nbsp;<\/p>\n<p><strong>DONN\u00c9ES PERSONNELLES<\/strong><\/p>\n<p>L&rsquo;\u00e9diteur du site s&rsquo;engage \u00e0 mettre en \u0153uvre un traitement des donn\u00e9es personnelles respectueux de la vie priv\u00e9e et conforme \u00e0 la l\u00e9gislation fran\u00e7aise et europ\u00e9enne en vigueur.<\/p>\n<p>Plus d&rsquo;informations sur le traitement des donn\u00e9es personnelles sont disponibles \u00e0 cette adresse\u00a0: https:\/\/equilibreencorps.com\/politique-de-confidentialite.<\/p>\n<p>&nbsp;<\/p>\n<p><strong>COOKIES<\/strong><\/p>\n<p>L&rsquo;\u00e9diteur du site n\u2019utilise que des cookies n\u00e9cessaires au bon fonctionnement du site.<\/p>\n<p>En r\u00e8gle g\u00e9n\u00e9rale, la limitation des cookies peut \u00eatre configur\u00e9e dans les param\u00e8tres de votre navigateur ou en utilisant la navigation priv\u00e9e.<\/p>\n<p>Plus d&rsquo;informations sur les cookies et leur fonctionnement sont disponibles \u00e0 cette adresse\u00a0: https:\/\/allaboutcookies.org\/fr.<\/p>\n<\/div>\n<\/div>\n<div class=\"\" data-mesh-id=\"comp-lvfbpoayinlineContent\" data-testid=\"inline-content\">\n<div data-mesh-id=\"comp-lvfbpoayinlineContent-gridContainer\" data-testid=\"mesh-container-content\">\n<div id=\"comp-l6ovulpf\" class=\"HcOXKn c9GqVL QxJLC3 lq2cno YQcXTT comp-l6ovulpf wixui-rich-text\" data-testid=\"richTextElement\"><\/div>\n<\/div>\n<\/div>\n","protected":false},"excerpt":{"rendered":"<p>MENTIONS L\u00c9GALES &nbsp; \u00c9DITEUR Le site EQUILIBREENCORPS.COM est \u00e9dit\u00e9 par\u00a0: Aline CONTAUX Entrepreneure Individuelle SIREN 949656706 Si\u00e8ge social\u00a0: 11 rue Saint Louis &#8211; 55100 Verdun Directeur de la publication\u00a0: Aline CONTAUX T\u00e9l\u00e9phone\u00a0: 0608938721 Courriel\u00a0: contact@equilibreencorps.com &nbsp; H\u00c9BERGEUR L&rsquo;h\u00e9bergement du site est assur\u00e9 par\u00a0: OVHcloud SAS Si\u00e8ge social\u00a0: 2 rue Kellermann \u2013 59100 Roubaix \u2013 France &hellip;<\/p>\n","protected":false},"author":2,"featured_media":0,"parent":0,"menu_order":0,"comment_status":"closed","ping_status":"closed","template":"","meta":{"footnotes":""},"class_list":["post-579","page","type-page","status-publish","hentry"],"_links":{"self":[{"href":"https:\/\/equilibreencorps.com\/index.php\/wp-json\/wp\/v2\/pages\/579","targetHints":{"allow":["GET"]}}],"collection":[{"href":"https:\/\/equilibreencorps.com\/index.php\/wp-json\/wp\/v2\/pages"}],"about":[{"href":"https:\/\/equilibreencorps.com\/index.php\/wp-json\/wp\/v2\/types\/page"}],"author":[{"embeddable":true,"href":"https:\/\/equilibreencorps.com\/index.php\/wp-json\/wp\/v2\/users\/2"}],"replies":[{"embeddable":true,"href":"https:\/\/equilibreencorps.com\/index.php\/wp-json\/wp\/v2\/comments?post=579"}],"version-history":[{"count":7,"href":"https:\/\/equilibreencorps.com\/index.php\/wp-json\/wp\/v2\/pages\/579\/revisions"}],"predecessor-version":[{"id":591,"href":"https:\/\/equilibreencorps.com\/index.php\/wp-json\/wp\/v2\/pages\/579\/revisions\/591"}],"wp:attachment":[{"href":"https:\/\/equilibreencorps.com\/index.php\/wp-json\/wp\/v2\/media?parent=579"}],"curies":[{"name":"wp","href":"https:\/\/api.w.org\/{rel}","templated":true}]}}