{"id":606,"date":"2025-10-04T16:48:51","date_gmt":"2025-10-04T14:48:51","guid":{"rendered":"https:\/\/equilibreencorps.com\/?page_id=606"},"modified":"2025-10-04T16:49:33","modified_gmt":"2025-10-04T14:49:33","slug":"mediation-a-la-consommation","status":"publish","type":"page","link":"https:\/\/equilibreencorps.com\/index.php\/mediation-a-la-consommation\/","title":{"rendered":"M\u00e9diation \u00e0 la consommation"},"content":{"rendered":"<p align=\"center\"><span style=\"color: #26282a;\"><span style=\"font-family: Candara, sans-serif;\"><span style=\"font-size: large;\"><b>M\u00e9diation \u00e0 la consommation<\/b><\/span><\/span><\/span><\/p>\n<p align=\"center\">\n<p align=\"center\">\n<p align=\"center\"><span style=\"color: #000000;\"><span style=\"font-family: Candara, sans-serif;\"><span style=\"font-size: medium;\">Le Client est inform\u00e9 qu\u2019il est libre de recourir gratuitement \u00e0 un m\u00e9diateur de la consommation en vue de la r\u00e9solution amiable d\u2019un litige qui l\u2019opposerait au Prestataire, <\/span><\/span><\/span><\/p>\n<p align=\"center\"><span style=\"color: #000000;\"><span style=\"font-family: Candara, sans-serif;\"><span style=\"font-size: medium;\">conform\u00e9ment aux articles L.611-1 et suivants et R.612-1 et suivants du Code de la Consommation.<\/span><\/span><\/span><\/p>\n<p align=\"center\">\n<p align=\"center\"><span style=\"color: #000000;\"><span style=\"font-family: Candara, sans-serif;\"><span style=\"font-size: medium;\">Le(s) m\u00e9diateur(s) de la consommation dont rel\u00e8ve le Prestataire est le suivant : <\/span><\/span><\/span><span style=\"color: #000000;\"><span style=\"font-family: Candara, sans-serif;\"><span style=\"font-size: medium;\"><span style=\"color: #2e49ff;\">CNPM M\u00e9diation Consommation<\/span><\/span><\/span><\/span><\/p>\n<p align=\"center\"><span style=\"color: #000000;\"><span style=\"font-family: Candara, sans-serif;\"><span style=\"font-size: medium;\">En cas de litige, le consommateur pourra d\u00e9poser sa r\u00e9clamation par voie postale ou par mail : <\/span><\/span><\/span><\/p>\n<p align=\"center\"><span style=\"color: #2e49ff;\"><span style=\"font-family: Candara, sans-serif;\"><span style=\"font-size: medium;\">Centre d\u2019Affaires St\u00e9phanois<\/span><\/span><\/span><\/p>\n<p align=\"center\"><span style=\"color: #2e49ff;\"><span style=\"font-family: Candara, sans-serif;\"><span style=\"font-size: medium;\">IMMEUBLE L\u2019HORIZON \u2013 Esplanade de France <\/span><\/span><\/span><\/p>\n<p align=\"center\"><span style=\"color: #595959;\"><span style=\"font-family: Candara, sans-serif;\"><span style=\"font-size: medium;\"><span style=\"color: #2e49ff;\">3, rue J. Constant Milleret \u2013 42000 SAINT-\u00c9TIENNE.<\/span><\/span><\/span><\/span><\/p>\n<p align=\"center\"><span style=\"color: #2e49ff;\"><span style=\"font-family: Candara, sans-serif;\"><span style=\"font-size: medium;\">contact-admin@cnpm-mediation-consommation.eu.<\/span><\/span><\/span><\/p>\n<p align=\"center\">\n<p align=\"center\"><span style=\"color: #000000;\"><span style=\"font-family: Candara, sans-serif;\"><span style=\"font-size: medium;\">Tous les litiges auxquels les Conditions G\u00e9n\u00e9rales pourraient donner lieu, concernant tant leur validit\u00e9, interpr\u00e9tation, ex\u00e9cution, r\u00e9siliation, leurs cons\u00e9quences et leurs suites, <\/span><\/span><\/span><\/p>\n<p align=\"center\"><span style=\"color: #000000;\"><span style=\"font-family: Candara, sans-serif;\"><span style=\"font-size: medium;\">seront soumis aux tribunaux fran\u00e7ais comp\u00e9tents.<\/span><\/span><\/span><\/p>\n","protected":false},"excerpt":{"rendered":"<p>M\u00e9diation \u00e0 la consommation Le Client est inform\u00e9 qu\u2019il est libre de recourir gratuitement \u00e0 un m\u00e9diateur de la consommation en vue de la r\u00e9solution amiable d\u2019un litige qui l\u2019opposerait au Prestataire, conform\u00e9ment aux articles L.611-1 et suivants et R.612-1 et suivants du Code de la Consommation. Le(s) m\u00e9diateur(s) de la consommation dont rel\u00e8ve le &hellip;<\/p>\n","protected":false},"author":2,"featured_media":0,"parent":0,"menu_order":0,"comment_status":"closed","ping_status":"closed","template":"","meta":{"footnotes":""},"class_list":["post-606","page","type-page","status-publish","hentry"],"_links":{"self":[{"href":"https:\/\/equilibreencorps.com\/index.php\/wp-json\/wp\/v2\/pages\/606","targetHints":{"allow":["GET"]}}],"collection":[{"href":"https:\/\/equilibreencorps.com\/index.php\/wp-json\/wp\/v2\/pages"}],"about":[{"href":"https:\/\/equilibreencorps.com\/index.php\/wp-json\/wp\/v2\/types\/page"}],"author":[{"embeddable":true,"href":"https:\/\/equilibreencorps.com\/index.php\/wp-json\/wp\/v2\/users\/2"}],"replies":[{"embeddable":true,"href":"https:\/\/equilibreencorps.com\/index.php\/wp-json\/wp\/v2\/comments?post=606"}],"version-history":[{"count":4,"href":"https:\/\/equilibreencorps.com\/index.php\/wp-json\/wp\/v2\/pages\/606\/revisions"}],"predecessor-version":[{"id":610,"href":"https:\/\/equilibreencorps.com\/index.php\/wp-json\/wp\/v2\/pages\/606\/revisions\/610"}],"wp:attachment":[{"href":"https:\/\/equilibreencorps.com\/index.php\/wp-json\/wp\/v2\/media?parent=606"}],"curies":[{"name":"wp","href":"https:\/\/api.w.org\/{rel}","templated":true}]}}