{"id":73,"date":"2023-06-14T10:41:47","date_gmt":"2023-06-14T08:41:47","guid":{"rendered":"https:\/\/equilibreencorps.com\/?page_id=73"},"modified":"2025-05-19T12:44:59","modified_gmt":"2025-05-19T10:44:59","slug":"ortho-bionomy","status":"publish","type":"page","link":"https:\/\/equilibreencorps.com\/index.php\/ortho-bionomy\/","title":{"rendered":"Ortho-Bionomy\u00ae"},"content":{"rendered":"<p><a href=\"http:\/\/www.ortho-bionomy.fr\" target=\"_blank\" rel=\"noopener\"><img loading=\"lazy\" decoding=\"async\" class=\"alignnone size-full wp-image-318\" src=\"https:\/\/equilibreencorps.com\/wp-content\/uploads\/2024\/04\/logo-ortho-bionomy-1.png\" alt=\"\" width=\"231\" height=\"47\" \/><\/a><\/p>\n<p>&nbsp;<\/p>\n<p style=\"text-align: center;\"><img loading=\"lazy\" decoding=\"async\" class=\"alignnone wp-image-9\" src=\"https:\/\/equilibreencorps.com\/wp-content\/uploads\/2023\/04\/AFFICHE-entete-300x66.png\" alt=\"\" width=\"641\" height=\"141\" srcset=\"https:\/\/equilibreencorps.com\/wp-content\/uploads\/2023\/04\/AFFICHE-entete-300x66.png 300w, https:\/\/equilibreencorps.com\/wp-content\/uploads\/2023\/04\/AFFICHE-entete-768x168.png 768w, https:\/\/equilibreencorps.com\/wp-content\/uploads\/2023\/04\/AFFICHE-entete.png 784w\" sizes=\"auto, (max-width: 641px) 100vw, 641px\" \/><\/p>\n<p>&nbsp;<\/p>\n<p style=\"text-align: center;\">L\u2019<em>Ortho<\/em> (Equilibre) &#8211;<em> Bio<\/em> (la vie) &#8211; <em>Nomy<\/em> (la loi) :\u00a0 <em>\u00ab\u00a0Retour \u00e0 l\u2019\u00e9quilibre du corps par la juste application des lois de la vie\u00a0\u00bb<\/em>.<\/p>\n<p style=\"text-align: center;\"><strong><em><u>L\u2019Ortho-Bionomy\u00ae <\/u><\/em><\/strong><strong><em><u>Une m\u00e9thode simple et efficace\u2026<\/u><\/em><\/strong><\/p>\n<p><img loading=\"lazy\" decoding=\"async\" class=\"aligncenter\" src=\"https:\/\/equilibreencorps.com\/wp-content\/uploads\/2024\/04\/AdobeStock_160758204-scaled.jpeg\" width=\"402\" height=\"268\" \/><\/p>\n<p><strong>L\u2019Ortho-Bionomy\u00ae est une m\u00e9thode douce et respectueuse<\/strong>\u00a0qui permet \u00e0 chacun de prendre soin de lui que ce soit dans un\u00a0<strong>but pr\u00e9ventif ou de mieux-\u00eatre <\/strong>. Elle est adapt\u00e9e \u00e0 des personnes de tous \u00e2ges.<\/p>\n<p>L\u2019Ortho-Bionomy\u00ae est une approche \u00e9ducative du corps \u00e9labor\u00e9e par Arthur Lincoln Pauls, docteur en ost\u00e9opathie. Ayant \u00e9cart\u00e9 toute man\u0153uvre directive,\u00a0<strong>cette m\u00e9thode utilise la facult\u00e9 du corps \u00e0 trouver instinctivement des postures de confort<\/strong>. Par l\u2019\u00e9coute et l\u2019accompagnement, le praticien soutient le processus de lib\u00e9ration des tensions et des \u00e9motions m\u00e9moris\u00e9es par l\u2019organisme sur les plans musculo-squelettique, visc\u00e9ral et cr\u00e2nien. Ce travail stimule nos facult\u00e9s d\u2019<strong>auto-correction<\/strong>, nous aide \u00e0 mieux nous adapter et favorise le\u00a0<strong>bien-\u00eatre au quotidien<\/strong>.<\/p>\n<p>Aujourd\u2019hui, un grand nombre de personnes souffrent de\u00a0<strong>tensions qui peuvent affecter l\u2019\u00e9quilibre g\u00e9n\u00e9ral du corps<\/strong>\u00a0et de ses fonctions.<\/p>\n<p>Les\u00a0<strong>positions inadapt\u00e9es<\/strong>\u00a0r\u00e9p\u00e9t\u00e9es au quotidien, l\u2019accumulation du\u00a0<strong>stress<\/strong>, de la\u00a0<strong>fatigue<\/strong>\u00a0et le\u00a0<strong>manque d\u2019activit\u00e9<\/strong> physique, souvent conjugu\u00e9s, peuvent engendrer le \u201cmal au dos\u201c ou un mal-\u00eatre.<\/p>\n<p><img loading=\"lazy\" decoding=\"async\" class=\"aligncenter\" src=\"https:\/\/equilibreencorps.com\/wp-content\/uploads\/2024\/04\/AdobeStock_160757991-scaled.jpeg\" width=\"458\" height=\"305\" \/><\/p>\n<p>L\u2019Ortho-Bionomy\u00ae offre une opportunit\u00e9 pr\u00e9cieuse de se\u00a0<strong>reconnecter \u00e0 soi-m\u00eame<\/strong>\u00a0dans un monde souvent marqu\u00e9 par le stress et la pr\u00e9cipitation. Cette\u00a0<strong>approche douce et respectueuse<\/strong>\u00a0permet de prendre un moment pour \u00e9couter son corps et ses ressentis, favorisant un profond\u00a0<strong>sentiment de d\u00e9tente et d\u2019harmonie<\/strong>. Elle r\u00e9pond au besoin fondamental de\u00a0<strong>r\u00e9tablir un \u00e9quilibre naturel<\/strong>\u00a0en suivant des chemins\u00a0<strong>simples et instinctifs<\/strong>, sans effort ni contrainte. En prenant le temps de s\u2019aligner avec ses propres rythmes, l\u2019Ortho-Bionomy\u00ae peut ouvrir des portes vers un\u00a0<strong>mieux-\u00eatre durable<\/strong>, tout en respectant la singularit\u00e9 et le rythme de chaque individu.<img loading=\"lazy\" decoding=\"async\" class=\"wp-image-208 aligncenter\" src=\"https:\/\/equilibreencorps.com\/wp-content\/uploads\/2024\/04\/sand-dollar1-300x300.jpeg\" alt=\"\" width=\"307\" height=\"307\" srcset=\"https:\/\/equilibreencorps.com\/wp-content\/uploads\/2024\/04\/sand-dollar1-300x300.jpeg 300w, https:\/\/equilibreencorps.com\/wp-content\/uploads\/2024\/04\/sand-dollar1-150x150.jpeg 150w, https:\/\/equilibreencorps.com\/wp-content\/uploads\/2024\/04\/sand-dollar1.jpeg 640w\" sizes=\"auto, (max-width: 307px) 100vw, 307px\" \/><\/p>\n<p><em>Les prestations propos\u00e9es par le praticien tendent \u00e0 renforcer le bien-\u00eatre de la personne et non \u00e0 l\u2019\u00e9tablissement d\u2019un diagnostic, ou traitement de maladies. Elles ne remplacent pas le suivi par un m\u00e9decin. Les services propos\u00e9s contribuent au mieux-\u00eatre ou au bien-\u00eatre de la personne.<\/em><\/p>\n","protected":false},"excerpt":{"rendered":"<p>&nbsp; &nbsp; L\u2019Ortho (Equilibre) &#8211; Bio (la vie) &#8211; Nomy (la loi) :\u00a0 \u00ab\u00a0Retour \u00e0 l\u2019\u00e9quilibre du corps par la juste application des lois de la vie\u00a0\u00bb. L\u2019Ortho-Bionomy\u00ae Une m\u00e9thode simple et efficace\u2026 L\u2019Ortho-Bionomy\u00ae est une m\u00e9thode douce et respectueuse\u00a0qui permet \u00e0 chacun de prendre soin de lui que ce soit dans un\u00a0but pr\u00e9ventif ou &hellip;<\/p>\n","protected":false},"author":1,"featured_media":0,"parent":0,"menu_order":0,"comment_status":"closed","ping_status":"closed","template":"","meta":{"footnotes":""},"class_list":["post-73","page","type-page","status-publish","hentry"],"_links":{"self":[{"href":"https:\/\/equilibreencorps.com\/index.php\/wp-json\/wp\/v2\/pages\/73","targetHints":{"allow":["GET"]}}],"collection":[{"href":"https:\/\/equilibreencorps.com\/index.php\/wp-json\/wp\/v2\/pages"}],"about":[{"href":"https:\/\/equilibreencorps.com\/index.php\/wp-json\/wp\/v2\/types\/page"}],"author":[{"embeddable":true,"href":"https:\/\/equilibreencorps.com\/index.php\/wp-json\/wp\/v2\/users\/1"}],"replies":[{"embeddable":true,"href":"https:\/\/equilibreencorps.com\/index.php\/wp-json\/wp\/v2\/comments?post=73"}],"version-history":[{"count":20,"href":"https:\/\/equilibreencorps.com\/index.php\/wp-json\/wp\/v2\/pages\/73\/revisions"}],"predecessor-version":[{"id":555,"href":"https:\/\/equilibreencorps.com\/index.php\/wp-json\/wp\/v2\/pages\/73\/revisions\/555"}],"wp:attachment":[{"href":"https:\/\/equilibreencorps.com\/index.php\/wp-json\/wp\/v2\/media?parent=73"}],"curies":[{"name":"wp","href":"https:\/\/api.w.org\/{rel}","templated":true}]}}