{"id":81,"date":"2023-06-14T10:51:38","date_gmt":"2023-06-14T08:51:38","guid":{"rendered":"https:\/\/equilibreencorps.com\/?page_id=81"},"modified":"2025-05-18T23:09:38","modified_gmt":"2025-05-18T21:09:38","slug":"applications","status":"publish","type":"page","link":"https:\/\/equilibreencorps.com\/index.php\/ortho-bionomy\/applications\/","title":{"rendered":"Applications"},"content":{"rendered":"<h1 style=\"text-align: center;\"><strong><em><u>Les applications de l\u2019Ortho-Bionomy\u00ae<\/u><\/em><\/strong><\/h1>\n<p><img loading=\"lazy\" decoding=\"async\" class=\"size-medium wp-image-119 aligncenter\" src=\"https:\/\/equilibreencorps.com\/wp-content\/uploads\/2024\/04\/AdobeStock_160758204-300x200.jpeg\" alt=\"\" width=\"300\" height=\"200\" srcset=\"https:\/\/equilibreencorps.com\/wp-content\/uploads\/2024\/04\/AdobeStock_160758204-300x200.jpeg 300w, https:\/\/equilibreencorps.com\/wp-content\/uploads\/2024\/04\/AdobeStock_160758204-1024x683.jpeg 1024w, https:\/\/equilibreencorps.com\/wp-content\/uploads\/2024\/04\/AdobeStock_160758204-768x512.jpeg 768w, https:\/\/equilibreencorps.com\/wp-content\/uploads\/2024\/04\/AdobeStock_160758204-1536x1024.jpeg 1536w, https:\/\/equilibreencorps.com\/wp-content\/uploads\/2024\/04\/AdobeStock_160758204-2048x1365.jpeg 2048w\" sizes=\"auto, (max-width: 300px) 100vw, 300px\" \/><\/p>\n<p>L\u2019Ortho-Bionomy\u00ae s\u2019adresse \u00e0 toute personne souhaitant am\u00e9liorer son bien-\u00eatre, se reconnecter \u00e0 son corps ou retrouver un \u00e9quilibre global. Elle peut accompagner ceux qui traversent des p\u00e9riodes de stress, de fatigue ou d\u2019inconfort int\u00e9rieur, mais aussi ceux qui recherchent simplement une meilleure harmonie dans leur vie quotidienne. Elle s\u2019applique \u00e9galement aux moments de transition, de changement ou de recherche d\u2019un mieux-\u00eatre profond, offrant un soutien doux et personnalis\u00e9 pour chacun. Que ce soit pour se rel\u00e2cher, explorer une nouvelle fluidit\u00e9 dans les mouvements ou favoriser un sentiment g\u00e9n\u00e9ral d\u2019apaisement, l\u2019Ortho-Bionomy\u00ae s\u2019adapte aux besoins uniques de chaque individu.<\/p>\n<p>&nbsp;<\/p>\n<div>\n<p>Les pratiques de l&rsquo;Ortho-Bionomy\u00ae utilis\u00e9e est une pratique non conventionnelle qui vise \u00e0 contribuer au mieux-\u00eatre ou au bien-\u00eatre de la personne. Elle ne se substitue en aucun cas \u00e0 un suivi m\u00e9dical.<\/p>\n<\/div>\n","protected":false},"excerpt":{"rendered":"<p>Les applications de l\u2019Ortho-Bionomy\u00ae L\u2019Ortho-Bionomy\u00ae s\u2019adresse \u00e0 toute personne souhaitant am\u00e9liorer son bien-\u00eatre, se reconnecter \u00e0 son corps ou retrouver un \u00e9quilibre global. Elle peut accompagner ceux qui traversent des p\u00e9riodes de stress, de fatigue ou d\u2019inconfort int\u00e9rieur, mais aussi ceux qui recherchent simplement une meilleure harmonie dans leur vie quotidienne. Elle s\u2019applique \u00e9galement aux &hellip;<\/p>\n","protected":false},"author":1,"featured_media":0,"parent":73,"menu_order":0,"comment_status":"closed","ping_status":"closed","template":"","meta":{"footnotes":""},"class_list":["post-81","page","type-page","status-publish","hentry"],"_links":{"self":[{"href":"https:\/\/equilibreencorps.com\/index.php\/wp-json\/wp\/v2\/pages\/81","targetHints":{"allow":["GET"]}}],"collection":[{"href":"https:\/\/equilibreencorps.com\/index.php\/wp-json\/wp\/v2\/pages"}],"about":[{"href":"https:\/\/equilibreencorps.com\/index.php\/wp-json\/wp\/v2\/types\/page"}],"author":[{"embeddable":true,"href":"https:\/\/equilibreencorps.com\/index.php\/wp-json\/wp\/v2\/users\/1"}],"replies":[{"embeddable":true,"href":"https:\/\/equilibreencorps.com\/index.php\/wp-json\/wp\/v2\/comments?post=81"}],"version-history":[{"count":13,"href":"https:\/\/equilibreencorps.com\/index.php\/wp-json\/wp\/v2\/pages\/81\/revisions"}],"predecessor-version":[{"id":529,"href":"https:\/\/equilibreencorps.com\/index.php\/wp-json\/wp\/v2\/pages\/81\/revisions\/529"}],"up":[{"embeddable":true,"href":"https:\/\/equilibreencorps.com\/index.php\/wp-json\/wp\/v2\/pages\/73"}],"wp:attachment":[{"href":"https:\/\/equilibreencorps.com\/index.php\/wp-json\/wp\/v2\/media?parent=81"}],"curies":[{"name":"wp","href":"https:\/\/api.w.org\/{rel}","templated":true}]}}